{"id":4237,"date":"2024-03-11T18:53:17","date_gmt":"2024-03-11T17:53:17","guid":{"rendered":"https:\/\/orjoshome.com\/?post_type=product&#038;p=4237"},"modified":"2024-03-22T13:19:20","modified_gmt":"2024-03-22T12:19:20","slug":"cojin-beige-terciopelo-decoracion-30-x-50-cm","status":"publish","type":"product","link":"https:\/\/orjoshome.com\/ca\/producto\/cojin-beige-terciopelo-decoracion-30-x-50-cm\/","title":{"rendered":"COJ\u00cdN BEIGE TERCIOPELO DECORACI\u00d3N 30 X 50 CM"},"content":{"rendered":"<p>Tejido: 100% Algod\u00f3n. Relleno: 100% Poli\u00e9ster. Lavar a mano. No utilizar lej\u00eda. No secar a m\u00e1quina. Planchar a temperatura m\u00e1x. 110\u00baC.<\/p>\n","protected":false},"excerpt":{"rendered":"<p>Tejido: 100% Algod\u00f3n. Relleno: 100% Poli\u00e9ster. Lavar a mano. No utilizar lej\u00eda. [&hellip;]<\/p>\n","protected":false},"featured_media":4238,"comment_status":"open","ping_status":"closed","template":"","meta":[],"product_cat":[40],"product_tag":[265,264,215,263],"class_list":["post-4237","product","type-product","status-publish","has-post-thumbnail","hentry","product_cat-textiles","product_tag-30x50","product_tag-beige","product_tag-cojin","product_tag-cojin-terciopelo"],"yoast_head":"<!-- This site is optimized with the Yoast SEO plugin v24.6 - https:\/\/yoast.com\/wordpress\/plugins\/seo\/ -->\n<title>COJ\u00cdN BEIGE TERCIOPELO DECORACI\u00d3N 30 X 50 CM - Orjo&#039;s Home<\/title>\n<meta name=\"robots\" content=\"index, follow, max-snippet:-1, max-image-preview:large, max-video-preview:-1\" \/>\n<link rel=\"canonical\" href=\"https:\/\/orjoshome.com\/producto\/cojin-beige-terciopelo-decoracion-30-x-50-cm\/\" \/>\n<meta property=\"og:locale\" content=\"ca_ES\" \/>\n<meta property=\"og:type\" content=\"article\" \/>\n<meta property=\"og:title\" content=\"COJ\u00cdN BEIGE TERCIOPELO DECORACI\u00d3N 30 X 50 CM - Orjo&#039;s Home\" \/>\n<meta property=\"og:description\" content=\"Tejido: 100% Algod\u00f3n. Relleno: 100% Poli\u00e9ster. Lavar a mano. No utilizar lej\u00eda. [&hellip;]\" \/>\n<meta property=\"og:url\" content=\"https:\/\/orjoshome.com\/producto\/cojin-beige-terciopelo-decoracion-30-x-50-cm\/\" \/>\n<meta property=\"og:site_name\" content=\"Orjo&#039;s Home\" \/>\n<meta property=\"article:modified_time\" content=\"2024-03-22T12:19:20+00:00\" \/>\n<meta property=\"og:image\" content=\"https:\/\/orjoshome.com\/wp-content\/uploads\/2024\/03\/601703.webp\" \/>\n\t<meta property=\"og:image:width\" content=\"700\" \/>\n\t<meta property=\"og:image:height\" content=\"700\" \/>\n\t<meta property=\"og:image:type\" content=\"image\/webp\" \/>\n<meta name=\"twitter:card\" content=\"summary_large_image\" \/>\n<script type=\"application\/ld+json\" class=\"yoast-schema-graph\">{\"@context\":\"https:\/\/schema.org\",\"@graph\":[{\"@type\":\"WebPage\",\"@id\":\"https:\/\/orjoshome.com\/producto\/cojin-beige-terciopelo-decoracion-30-x-50-cm\/\",\"url\":\"https:\/\/orjoshome.com\/producto\/cojin-beige-terciopelo-decoracion-30-x-50-cm\/\",\"name\":\"COJ\u00cdN BEIGE TERCIOPELO DECORACI\u00d3N 30 X 50 CM - Orjo&#039;s Home\",\"isPartOf\":{\"@id\":\"https:\/\/orjoshome.com\/#website\"},\"primaryImageOfPage\":{\"@id\":\"https:\/\/orjoshome.com\/producto\/cojin-beige-terciopelo-decoracion-30-x-50-cm\/#primaryimage\"},\"image\":{\"@id\":\"https:\/\/orjoshome.com\/producto\/cojin-beige-terciopelo-decoracion-30-x-50-cm\/#primaryimage\"},\"thumbnailUrl\":\"https:\/\/orjoshome.com\/wp-content\/uploads\/2024\/03\/601703.webp\",\"datePublished\":\"2024-03-11T17:53:17+00:00\",\"dateModified\":\"2024-03-22T12:19:20+00:00\",\"breadcrumb\":{\"@id\":\"https:\/\/orjoshome.com\/producto\/cojin-beige-terciopelo-decoracion-30-x-50-cm\/#breadcrumb\"},\"inLanguage\":\"ca\",\"potentialAction\":[{\"@type\":\"ReadAction\",\"target\":[\"https:\/\/orjoshome.com\/producto\/cojin-beige-terciopelo-decoracion-30-x-50-cm\/\"]}]},{\"@type\":\"ImageObject\",\"inLanguage\":\"ca\",\"@id\":\"https:\/\/orjoshome.com\/producto\/cojin-beige-terciopelo-decoracion-30-x-50-cm\/#primaryimage\",\"url\":\"https:\/\/orjoshome.com\/wp-content\/uploads\/2024\/03\/601703.webp\",\"contentUrl\":\"https:\/\/orjoshome.com\/wp-content\/uploads\/2024\/03\/601703.webp\",\"width\":700,\"height\":700},{\"@type\":\"BreadcrumbList\",\"@id\":\"https:\/\/orjoshome.com\/producto\/cojin-beige-terciopelo-decoracion-30-x-50-cm\/#breadcrumb\",\"itemListElement\":[{\"@type\":\"ListItem\",\"position\":1,\"name\":\"Portada\",\"item\":\"https:\/\/orjoshome.com\/ca\/\"},{\"@type\":\"ListItem\",\"position\":2,\"name\":\"Shop with Sidebar\",\"item\":\"https:\/\/orjoshome.com\/ca\/shop-with-sidebar\/\"},{\"@type\":\"ListItem\",\"position\":3,\"name\":\"COJ\u00cdN BEIGE TERCIOPELO DECORACI\u00d3N 30 X 50 CM\"}]},{\"@type\":\"WebSite\",\"@id\":\"https:\/\/orjoshome.com\/#website\",\"url\":\"https:\/\/orjoshome.com\/\",\"name\":\"Orjo&#039;s Home\",\"description\":\"\",\"potentialAction\":[{\"@type\":\"SearchAction\",\"target\":{\"@type\":\"EntryPoint\",\"urlTemplate\":\"https:\/\/orjoshome.com\/?s={search_term_string}\"},\"query-input\":{\"@type\":\"PropertyValueSpecification\",\"valueRequired\":true,\"valueName\":\"search_term_string\"}}],\"inLanguage\":\"ca\"}]}<\/script>\n<!-- \/ Yoast SEO plugin. -->","yoast_head_json":{"title":"COJ\u00cdN BEIGE TERCIOPELO DECORACI\u00d3N 30 X 50 CM - Orjo&#039;s Home","robots":{"index":"index","follow":"follow","max-snippet":"max-snippet:-1","max-image-preview":"max-image-preview:large","max-video-preview":"max-video-preview:-1"},"canonical":"https:\/\/orjoshome.com\/producto\/cojin-beige-terciopelo-decoracion-30-x-50-cm\/","og_locale":"ca_ES","og_type":"article","og_title":"COJ\u00cdN BEIGE TERCIOPELO DECORACI\u00d3N 30 X 50 CM - Orjo&#039;s Home","og_description":"Tejido: 100% Algod\u00f3n. Relleno: 100% Poli\u00e9ster. Lavar a mano. No utilizar lej\u00eda. [&hellip;]","og_url":"https:\/\/orjoshome.com\/producto\/cojin-beige-terciopelo-decoracion-30-x-50-cm\/","og_site_name":"Orjo&#039;s Home","article_modified_time":"2024-03-22T12:19:20+00:00","og_image":[{"width":700,"height":700,"url":"https:\/\/orjoshome.com\/wp-content\/uploads\/2024\/03\/601703.webp","type":"image\/webp"}],"twitter_card":"summary_large_image","schema":{"@context":"https:\/\/schema.org","@graph":[{"@type":"WebPage","@id":"https:\/\/orjoshome.com\/producto\/cojin-beige-terciopelo-decoracion-30-x-50-cm\/","url":"https:\/\/orjoshome.com\/producto\/cojin-beige-terciopelo-decoracion-30-x-50-cm\/","name":"COJ\u00cdN BEIGE TERCIOPELO DECORACI\u00d3N 30 X 50 CM - Orjo&#039;s Home","isPartOf":{"@id":"https:\/\/orjoshome.com\/#website"},"primaryImageOfPage":{"@id":"https:\/\/orjoshome.com\/producto\/cojin-beige-terciopelo-decoracion-30-x-50-cm\/#primaryimage"},"image":{"@id":"https:\/\/orjoshome.com\/producto\/cojin-beige-terciopelo-decoracion-30-x-50-cm\/#primaryimage"},"thumbnailUrl":"https:\/\/orjoshome.com\/wp-content\/uploads\/2024\/03\/601703.webp","datePublished":"2024-03-11T17:53:17+00:00","dateModified":"2024-03-22T12:19:20+00:00","breadcrumb":{"@id":"https:\/\/orjoshome.com\/producto\/cojin-beige-terciopelo-decoracion-30-x-50-cm\/#breadcrumb"},"inLanguage":"ca","potentialAction":[{"@type":"ReadAction","target":["https:\/\/orjoshome.com\/producto\/cojin-beige-terciopelo-decoracion-30-x-50-cm\/"]}]},{"@type":"ImageObject","inLanguage":"ca","@id":"https:\/\/orjoshome.com\/producto\/cojin-beige-terciopelo-decoracion-30-x-50-cm\/#primaryimage","url":"https:\/\/orjoshome.com\/wp-content\/uploads\/2024\/03\/601703.webp","contentUrl":"https:\/\/orjoshome.com\/wp-content\/uploads\/2024\/03\/601703.webp","width":700,"height":700},{"@type":"BreadcrumbList","@id":"https:\/\/orjoshome.com\/producto\/cojin-beige-terciopelo-decoracion-30-x-50-cm\/#breadcrumb","itemListElement":[{"@type":"ListItem","position":1,"name":"Portada","item":"https:\/\/orjoshome.com\/ca\/"},{"@type":"ListItem","position":2,"name":"Shop with Sidebar","item":"https:\/\/orjoshome.com\/ca\/shop-with-sidebar\/"},{"@type":"ListItem","position":3,"name":"COJ\u00cdN BEIGE TERCIOPELO DECORACI\u00d3N 30 X 50 CM"}]},{"@type":"WebSite","@id":"https:\/\/orjoshome.com\/#website","url":"https:\/\/orjoshome.com\/","name":"Orjo&#039;s Home","description":"","potentialAction":[{"@type":"SearchAction","target":{"@type":"EntryPoint","urlTemplate":"https:\/\/orjoshome.com\/?s={search_term_string}"},"query-input":{"@type":"PropertyValueSpecification","valueRequired":true,"valueName":"search_term_string"}}],"inLanguage":"ca"}]}},"jetpack_sharing_enabled":true,"_links":{"self":[{"href":"https:\/\/orjoshome.com\/ca\/wp-json\/wp\/v2\/product\/4237","targetHints":{"allow":["GET"]}}],"collection":[{"href":"https:\/\/orjoshome.com\/ca\/wp-json\/wp\/v2\/product"}],"about":[{"href":"https:\/\/orjoshome.com\/ca\/wp-json\/wp\/v2\/types\/product"}],"replies":[{"embeddable":true,"href":"https:\/\/orjoshome.com\/ca\/wp-json\/wp\/v2\/comments?post=4237"}],"wp:featuredmedia":[{"embeddable":true,"href":"https:\/\/orjoshome.com\/ca\/wp-json\/wp\/v2\/media\/4238"}],"wp:attachment":[{"href":"https:\/\/orjoshome.com\/ca\/wp-json\/wp\/v2\/media?parent=4237"}],"wp:term":[{"taxonomy":"product_cat","embeddable":true,"href":"https:\/\/orjoshome.com\/ca\/wp-json\/wp\/v2\/product_cat?post=4237"},{"taxonomy":"product_tag","embeddable":true,"href":"https:\/\/orjoshome.com\/ca\/wp-json\/wp\/v2\/product_tag?post=4237"}],"curies":[{"name":"wp","href":"https:\/\/api.w.org\/{rel}","templated":true}]}}