{"id":4145,"date":"2024-03-11T17:42:15","date_gmt":"2024-03-11T16:42:15","guid":{"rendered":"https:\/\/orjoshome.com\/?post_type=product&#038;p=4145"},"modified":"2026-03-12T10:53:01","modified_gmt":"2026-03-12T09:53:01","slug":"difusor-fragancia-oceano-250ml-coleccion-experiences","status":"publish","type":"product","link":"https:\/\/orjoshome.com\/ca\/producto\/difusor-fragancia-oceano-250ml-coleccion-experiences\/","title":{"rendered":"DIFUSOR FRAGANCIA, OC\u00c9ANO &#8211; 250ML. colecci\u00f3n experiences"},"content":{"rendered":"<p>Difusor mikado Oc\u00e9ano de 250ml, incluye varillas. Surcar las aguas del Atl\u00e1ntico para descubrir esta fragancia oce\u00e1nica acompa\u00f1ada de notas verdes, como el g\u00e1lbano y la menta, con un fondo amaderado de cedro y musgo. Un viaje para navegar a trav\u00e9s de los sentidos.<\/p>\n<p><strong>NOTAS:<br \/>\n<\/strong>Salida: oz\u00f3nico, g\u00e1lbano y\u00a0romero<strong><br \/>\n<\/strong>Cuerpo:\u00a0an\u00eds estrellado, menta<strong><br \/>\n<\/strong>Base:\u00a0cedro, musgo blanco y \u00e1mbar<\/p>\n","protected":false},"excerpt":{"rendered":"<p>Difusor mikado Oc\u00e9ano de 250ml, incluye varillas. Surcar las aguas del Atl\u00e1ntico [&hellip;]<\/p>\n","protected":false},"featured_media":4149,"comment_status":"open","ping_status":"closed","template":"","meta":[],"product_cat":[41],"product_tag":[357,359,365,361,363,360,364,366],"class_list":["post-4145","product","type-product","status-publish","has-post-thumbnail","hentry","product_cat-velas-y-aroma","product_tag-coleccion-experiences","product_tag-coleccion-experiencies","product_tag-difusor","product_tag-difusor-aroma","product_tag-fragancia","product_tag-mikado","product_tag-natural","product_tag-oceano"],"yoast_head":"<!-- This site is optimized with the Yoast SEO plugin v24.6 - https:\/\/yoast.com\/wordpress\/plugins\/seo\/ -->\n<title>DIFUSOR FRAGANCIA, OC\u00c9ANO - 250ML. colecci\u00f3n experiences - Orjo&#039;s Home<\/title>\n<meta name=\"robots\" content=\"index, follow, max-snippet:-1, max-image-preview:large, max-video-preview:-1\" \/>\n<link rel=\"canonical\" href=\"https:\/\/orjoshome.com\/producto\/difusor-fragancia-oceano-250ml-coleccion-experiences\/\" \/>\n<meta property=\"og:locale\" content=\"ca_ES\" \/>\n<meta property=\"og:type\" content=\"article\" \/>\n<meta property=\"og:title\" content=\"DIFUSOR FRAGANCIA, OC\u00c9ANO - 250ML. colecci\u00f3n experiences - Orjo&#039;s Home\" \/>\n<meta property=\"og:description\" content=\"Difusor mikado Oc\u00e9ano de 250ml, incluye varillas. Surcar las aguas del Atl\u00e1ntico [&hellip;]\" \/>\n<meta property=\"og:url\" content=\"https:\/\/orjoshome.com\/producto\/difusor-fragancia-oceano-250ml-coleccion-experiences\/\" \/>\n<meta property=\"og:site_name\" content=\"Orjo&#039;s Home\" \/>\n<meta property=\"article:modified_time\" content=\"2026-03-12T09:53:01+00:00\" \/>\n<meta property=\"og:image\" content=\"https:\/\/orjoshome.com\/wp-content\/uploads\/2024\/03\/mikado-oceano.jpg\" \/>\n\t<meta property=\"og:image:width\" content=\"800\" \/>\n\t<meta property=\"og:image:height\" content=\"800\" \/>\n\t<meta property=\"og:image:type\" content=\"image\/jpeg\" \/>\n<meta name=\"twitter:card\" content=\"summary_large_image\" \/>\n<meta name=\"twitter:label1\" content=\"Temps estimat de lectura\" \/>\n\t<meta name=\"twitter:data1\" content=\"1 minut\" \/>\n<script type=\"application\/ld+json\" class=\"yoast-schema-graph\">{\"@context\":\"https:\/\/schema.org\",\"@graph\":[{\"@type\":\"WebPage\",\"@id\":\"https:\/\/orjoshome.com\/producto\/difusor-fragancia-oceano-250ml-coleccion-experiences\/\",\"url\":\"https:\/\/orjoshome.com\/producto\/difusor-fragancia-oceano-250ml-coleccion-experiences\/\",\"name\":\"DIFUSOR FRAGANCIA, OC\u00c9ANO - 250ML. colecci\u00f3n experiences - Orjo&#039;s Home\",\"isPartOf\":{\"@id\":\"https:\/\/orjoshome.com\/#website\"},\"primaryImageOfPage\":{\"@id\":\"https:\/\/orjoshome.com\/producto\/difusor-fragancia-oceano-250ml-coleccion-experiences\/#primaryimage\"},\"image\":{\"@id\":\"https:\/\/orjoshome.com\/producto\/difusor-fragancia-oceano-250ml-coleccion-experiences\/#primaryimage\"},\"thumbnailUrl\":\"https:\/\/orjoshome.com\/wp-content\/uploads\/2024\/03\/mikado-oceano.jpg\",\"datePublished\":\"2024-03-11T16:42:15+00:00\",\"dateModified\":\"2026-03-12T09:53:01+00:00\",\"breadcrumb\":{\"@id\":\"https:\/\/orjoshome.com\/producto\/difusor-fragancia-oceano-250ml-coleccion-experiences\/#breadcrumb\"},\"inLanguage\":\"ca\",\"potentialAction\":[{\"@type\":\"ReadAction\",\"target\":[\"https:\/\/orjoshome.com\/producto\/difusor-fragancia-oceano-250ml-coleccion-experiences\/\"]}]},{\"@type\":\"ImageObject\",\"inLanguage\":\"ca\",\"@id\":\"https:\/\/orjoshome.com\/producto\/difusor-fragancia-oceano-250ml-coleccion-experiences\/#primaryimage\",\"url\":\"https:\/\/orjoshome.com\/wp-content\/uploads\/2024\/03\/mikado-oceano.jpg\",\"contentUrl\":\"https:\/\/orjoshome.com\/wp-content\/uploads\/2024\/03\/mikado-oceano.jpg\",\"width\":800,\"height\":800},{\"@type\":\"BreadcrumbList\",\"@id\":\"https:\/\/orjoshome.com\/producto\/difusor-fragancia-oceano-250ml-coleccion-experiences\/#breadcrumb\",\"itemListElement\":[{\"@type\":\"ListItem\",\"position\":1,\"name\":\"Portada\",\"item\":\"https:\/\/orjoshome.com\/ca\/\"},{\"@type\":\"ListItem\",\"position\":2,\"name\":\"Shop with Sidebar\",\"item\":\"https:\/\/orjoshome.com\/ca\/shop-with-sidebar\/\"},{\"@type\":\"ListItem\",\"position\":3,\"name\":\"DIFUSOR FRAGANCIA, OC\u00c9ANO &#8211; 250ML. colecci\u00f3n experiences\"}]},{\"@type\":\"WebSite\",\"@id\":\"https:\/\/orjoshome.com\/#website\",\"url\":\"https:\/\/orjoshome.com\/\",\"name\":\"Orjo&#039;s Home\",\"description\":\"\",\"potentialAction\":[{\"@type\":\"SearchAction\",\"target\":{\"@type\":\"EntryPoint\",\"urlTemplate\":\"https:\/\/orjoshome.com\/?s={search_term_string}\"},\"query-input\":{\"@type\":\"PropertyValueSpecification\",\"valueRequired\":true,\"valueName\":\"search_term_string\"}}],\"inLanguage\":\"ca\"}]}<\/script>\n<!-- \/ Yoast SEO plugin. -->","yoast_head_json":{"title":"DIFUSOR FRAGANCIA, OC\u00c9ANO - 250ML. colecci\u00f3n experiences - Orjo&#039;s Home","robots":{"index":"index","follow":"follow","max-snippet":"max-snippet:-1","max-image-preview":"max-image-preview:large","max-video-preview":"max-video-preview:-1"},"canonical":"https:\/\/orjoshome.com\/producto\/difusor-fragancia-oceano-250ml-coleccion-experiences\/","og_locale":"ca_ES","og_type":"article","og_title":"DIFUSOR FRAGANCIA, OC\u00c9ANO - 250ML. colecci\u00f3n experiences - Orjo&#039;s Home","og_description":"Difusor mikado Oc\u00e9ano de 250ml, incluye varillas. Surcar las aguas del Atl\u00e1ntico [&hellip;]","og_url":"https:\/\/orjoshome.com\/producto\/difusor-fragancia-oceano-250ml-coleccion-experiences\/","og_site_name":"Orjo&#039;s Home","article_modified_time":"2026-03-12T09:53:01+00:00","og_image":[{"width":800,"height":800,"url":"https:\/\/orjoshome.com\/wp-content\/uploads\/2024\/03\/mikado-oceano.jpg","type":"image\/jpeg"}],"twitter_card":"summary_large_image","twitter_misc":{"Temps estimat de lectura":"1 minut"},"schema":{"@context":"https:\/\/schema.org","@graph":[{"@type":"WebPage","@id":"https:\/\/orjoshome.com\/producto\/difusor-fragancia-oceano-250ml-coleccion-experiences\/","url":"https:\/\/orjoshome.com\/producto\/difusor-fragancia-oceano-250ml-coleccion-experiences\/","name":"DIFUSOR FRAGANCIA, OC\u00c9ANO - 250ML. colecci\u00f3n experiences - Orjo&#039;s Home","isPartOf":{"@id":"https:\/\/orjoshome.com\/#website"},"primaryImageOfPage":{"@id":"https:\/\/orjoshome.com\/producto\/difusor-fragancia-oceano-250ml-coleccion-experiences\/#primaryimage"},"image":{"@id":"https:\/\/orjoshome.com\/producto\/difusor-fragancia-oceano-250ml-coleccion-experiences\/#primaryimage"},"thumbnailUrl":"https:\/\/orjoshome.com\/wp-content\/uploads\/2024\/03\/mikado-oceano.jpg","datePublished":"2024-03-11T16:42:15+00:00","dateModified":"2026-03-12T09:53:01+00:00","breadcrumb":{"@id":"https:\/\/orjoshome.com\/producto\/difusor-fragancia-oceano-250ml-coleccion-experiences\/#breadcrumb"},"inLanguage":"ca","potentialAction":[{"@type":"ReadAction","target":["https:\/\/orjoshome.com\/producto\/difusor-fragancia-oceano-250ml-coleccion-experiences\/"]}]},{"@type":"ImageObject","inLanguage":"ca","@id":"https:\/\/orjoshome.com\/producto\/difusor-fragancia-oceano-250ml-coleccion-experiences\/#primaryimage","url":"https:\/\/orjoshome.com\/wp-content\/uploads\/2024\/03\/mikado-oceano.jpg","contentUrl":"https:\/\/orjoshome.com\/wp-content\/uploads\/2024\/03\/mikado-oceano.jpg","width":800,"height":800},{"@type":"BreadcrumbList","@id":"https:\/\/orjoshome.com\/producto\/difusor-fragancia-oceano-250ml-coleccion-experiences\/#breadcrumb","itemListElement":[{"@type":"ListItem","position":1,"name":"Portada","item":"https:\/\/orjoshome.com\/ca\/"},{"@type":"ListItem","position":2,"name":"Shop with Sidebar","item":"https:\/\/orjoshome.com\/ca\/shop-with-sidebar\/"},{"@type":"ListItem","position":3,"name":"DIFUSOR FRAGANCIA, OC\u00c9ANO &#8211; 250ML. colecci\u00f3n experiences"}]},{"@type":"WebSite","@id":"https:\/\/orjoshome.com\/#website","url":"https:\/\/orjoshome.com\/","name":"Orjo&#039;s Home","description":"","potentialAction":[{"@type":"SearchAction","target":{"@type":"EntryPoint","urlTemplate":"https:\/\/orjoshome.com\/?s={search_term_string}"},"query-input":{"@type":"PropertyValueSpecification","valueRequired":true,"valueName":"search_term_string"}}],"inLanguage":"ca"}]}},"jetpack_sharing_enabled":true,"_links":{"self":[{"href":"https:\/\/orjoshome.com\/ca\/wp-json\/wp\/v2\/product\/4145","targetHints":{"allow":["GET"]}}],"collection":[{"href":"https:\/\/orjoshome.com\/ca\/wp-json\/wp\/v2\/product"}],"about":[{"href":"https:\/\/orjoshome.com\/ca\/wp-json\/wp\/v2\/types\/product"}],"replies":[{"embeddable":true,"href":"https:\/\/orjoshome.com\/ca\/wp-json\/wp\/v2\/comments?post=4145"}],"wp:featuredmedia":[{"embeddable":true,"href":"https:\/\/orjoshome.com\/ca\/wp-json\/wp\/v2\/media\/4149"}],"wp:attachment":[{"href":"https:\/\/orjoshome.com\/ca\/wp-json\/wp\/v2\/media?parent=4145"}],"wp:term":[{"taxonomy":"product_cat","embeddable":true,"href":"https:\/\/orjoshome.com\/ca\/wp-json\/wp\/v2\/product_cat?post=4145"},{"taxonomy":"product_tag","embeddable":true,"href":"https:\/\/orjoshome.com\/ca\/wp-json\/wp\/v2\/product_tag?post=4145"}],"curies":[{"name":"wp","href":"https:\/\/api.w.org\/{rel}","templated":true}]}}